{"id":925,"date":"2019-11-20T08:28:51","date_gmt":"2019-11-20T08:28:51","guid":{"rendered":"https:\/\/info.bdnr.pl\/?page_id=925"},"modified":"2025-12-01T16:27:59","modified_gmt":"2025-12-01T16:27:59","slug":"dla-zmieniajacych-szkole","status":"publish","type":"page","link":"https:\/\/info.bdnr.pl\/?page_id=925","title":{"rendered":"Dla zmieniaj\u0105cych szko\u0142\u0119"},"content":{"rendered":"\n<p>Rekrutacja obejmuje rozmow\u0119 z osob\u0105 staraj\u0105c\u0105 si\u0119 o przyj\u0119cie do szko\u0142y oraz ewentualnie egzaminy pisemne z polskiego i matematyki na poziomie podstawowym lub rozszerzonym (zale\u017cy jakie przedmioty dana osoba chce rozszerza\u0107).&nbsp; <\/p>\n\n\n\n<p>1.  <strong>Rozmowa<\/strong> &#8211; nale\u017cy um\u00f3wi\u0107 si\u0119 na ni\u0105 mailowo z osob\u0105 do kontaktu (<a href=\"marta.miszkurka@bednarska.edu.pl\">marta.miszkurka@bednarska.edu.pl<\/a>).&nbsp;Koniecznie trzeba wzi\u0105\u0107 ze sob\u0105 \u015bwiadectwo uko\u0144czenia ostatniej klasy oraz posiadan\u0105 opini\u0119 lub orzeczenie. Podczas rozmowy ustala si\u0119 czy osoba kandydacka b\u0119dzie podchodzi\u0142a do egzamin\u00f3w.&nbsp; <\/p>\n\n\n\n<p>2. <strong>Egzaminy pisemne<\/strong> &#8211; z polskiego i matematyki. Trwaj\u0105 ok.120 min i odbywaj\u0105 si\u0119 w terminie wyznaczonym przez szko\u0142\u0119.\u00a0 Zakres materia\u0142u znajduje si\u0119 na stronie, ale zawsze jest uzupe\u0142niany o zrealizowany ju\u017c w danym roku szkolnym materia\u0142. Ka\u017cdy egzamin jest p\u0142atny 150 z\u0142.<\/p>\n\n\n\n<p>Wyniki z egzamin\u00f3w podajemy w formie procentowej. Nie udost\u0119pniamy sprawdzonych test\u00f3w.<\/p>\n\n\n\n<p><br><\/p>\n\n\n\n<p><\/p>\n\n\n\n<p><a href=\"https:\/\/info.bdnr.pl\/wp-content\/uploads\/2022\/05\/EGZAMIN-Z-JE%CC%A8ZYKA-POLSKIEGO-DLA-KANDYDATEK-I-KANDYDATO%CC%81W-DO-2-KLASY-1SLO-9.docx\">J\u0118ZYK POLSKI do kl. 2- Wymagania (poziom podstawowy)<\/a><\/p>\n\n\n\n<p><a href=\"https:\/\/info.bdnr.pl\/wp-content\/uploads\/2022\/05\/EGZAMIN-Z-JE%CC%A8ZYKA-POLSKIEGO-DLA-KANDYDATEK-I-KANDYDATO%CC%81W-DO-3-KLASY-1SLO.docx\">J\u0118ZYK POLSKI do kl. 3 &#8211; Wymagania (poziom podstawowy)<\/a><\/p>\n\n\n\n<p><a href=\"https:\/\/info.bdnr.pl\/wp-content\/uploads\/2022\/05\/Egzamin-do-4-klasy.docx\">J\u0118ZYK POLSKI do kl. 4 &#8211; Wymagania (poziom podstawowy)<\/a><\/p>\n\n\n\n<p><a href=\"https:\/\/info.bdnr.pl\/wp-content\/uploads\/2021\/02\/Wymagania-dla-zmieniaj\u0105cych-szko\u0142\u0119_liceum-czteroletnie_klasa-1.-1.pdf\">MATEMATYKA do kl. 2 \u2013 Wymagania (poziom podstawowy)<\/a><\/p>\n\n\n\n<p><a href=\"https:\/\/info.bdnr.pl\/wp-content\/uploads\/2021\/02\/MATEMATYKA-KL.2-Wymagania-poziom-podstawowy-1.pdf\">MATEMATYKA do kl. 3 &#8211; Wymagania (poziom podstawowy)<\/a><\/p>\n\n\n\n<p><a href=\"https:\/\/info.bdnr.pl\/wp-content\/uploads\/2021\/02\/MATEMATYKA-KL.2-Wymagania-poziom-rozszerzony-1.pdf\">MATEMATYKA do kl. 3 &#8211; Wymagania (poziom rozszerzony)<\/a><\/p>\n\n\n\n<p><a href=\"https:\/\/info.bdnr.pl\/wp-content\/uploads\/2022\/05\/Program_Matematyka_PODST_klasa3.pdf\">MATEMATYKA do kl. 4 &#8211; Wymagania (poziom podstawowy)<\/a><\/p>\n\n\n\n<p><a href=\"https:\/\/info.bdnr.pl\/wp-content\/uploads\/2022\/05\/Program_Matematyka_ROZ_klasa3.pdf\">MATEMATYKA do kl. 4 &#8211; Wymagania (poziom rozszerzony)<\/a><\/p>\n","protected":false},"excerpt":{"rendered":"<p>Rekrutacja obejmuje rozmow\u0119 z osob\u0105 staraj\u0105c\u0105 si\u0119 o przyj\u0119cie do szko\u0142y oraz ewentualnie egzaminy pisemne z polskiego i matematyki na poziomie podstawowym lub rozszerzonym (zale\u017cy jakie przedmioty dana osoba chce rozszerza\u0107).&nbsp; 1. Rozmowa &#8211; nale\u017cy um\u00f3wi\u0107 si\u0119 na ni\u0105 mailowo z osob\u0105 do kontaktu (marta.miszkurka@bednarska.edu.pl).&nbsp;Koniecznie trzeba wzi\u0105\u0107 ze sob\u0105 \u015bwiadectwo uko\u0144czenia ostatniej klasy oraz posiadan\u0105 [&hellip;]<\/p>\n","protected":false},"author":1,"featured_media":0,"parent":0,"menu_order":0,"comment_status":"closed","ping_status":"closed","template":"","meta":{"footnotes":""},"class_list":["post-925","page","type-page","status-publish","hentry"],"_links":{"self":[{"href":"https:\/\/info.bdnr.pl\/index.php?rest_route=\/wp\/v2\/pages\/925","targetHints":{"allow":["GET"]}}],"collection":[{"href":"https:\/\/info.bdnr.pl\/index.php?rest_route=\/wp\/v2\/pages"}],"about":[{"href":"https:\/\/info.bdnr.pl\/index.php?rest_route=\/wp\/v2\/types\/page"}],"author":[{"embeddable":true,"href":"https:\/\/info.bdnr.pl\/index.php?rest_route=\/wp\/v2\/users\/1"}],"replies":[{"embeddable":true,"href":"https:\/\/info.bdnr.pl\/index.php?rest_route=%2Fwp%2Fv2%2Fcomments&post=925"}],"version-history":[{"count":37,"href":"https:\/\/info.bdnr.pl\/index.php?rest_route=\/wp\/v2\/pages\/925\/revisions"}],"predecessor-version":[{"id":2338,"href":"https:\/\/info.bdnr.pl\/index.php?rest_route=\/wp\/v2\/pages\/925\/revisions\/2338"}],"wp:attachment":[{"href":"https:\/\/info.bdnr.pl\/index.php?rest_route=%2Fwp%2Fv2%2Fmedia&parent=925"}],"curies":[{"name":"wp","href":"https:\/\/api.w.org\/{rel}","templated":true}]}}