{"id":2201,"date":"2025-11-27T06:37:25","date_gmt":"2025-11-27T06:37:25","guid":{"rendered":"https:\/\/info.bdnr.pl\/?page_id=2201"},"modified":"2025-11-28T08:55:01","modified_gmt":"2025-11-28T08:55:01","slug":"wyjazdy","status":"publish","type":"page","link":"https:\/\/info.bdnr.pl\/?page_id=2201","title":{"rendered":"Wyjazdy"},"content":{"rendered":"\n<p><strong>\u201cBednarska\u201d lubi je\u017adzi\u0107 do lasu<\/strong><\/p>\n\n\n\n<p>W naszej szkole badamy prawdziwy \u015bwiat, a nie tylko jego ksi\u0105\u017ckowy opis. Regularnie je\u017adzimy do lasu, g\u0142\u00f3wnie do le\u015bnicz\u00f3wek w Puszczy Knyszy\u0144skiej. Nasze wyjazdy na Podlasie to wi\u0119cej, ni\u017c tylko sp\u0119dzanie czasu w tych przytulnych, drewnianych domach. S\u0105 to wyjazdy prawdziwie naukowe \u2013 nauk\u0119 rozumiemy tutaj jako do\u015bwiadczanie i dzia\u0142anie praktyczne. Niewa\u017cne, czy chodzi o chrz\u0105szcze, kultur\u0119, cywilizacj\u0119, czy o nas samych. Niekt\u00f3re wyjazdy koncentruj\u0105 si\u0119 wok\u00f3\u0142 badania przyrody w lesie, inne skupiaj\u0105 si\u0119 na rozmowach z okolicznymi mieszka\u0144cami, jeszcze inne zorganizowane s\u0105 wok\u00f3\u0142 eksperyment\u00f3w i do\u015bwiadcze\u0144. A przy tych wszystkich okazjach&nbsp; po\u015bwi\u0119camy r\u00f3wnie\u017c czas analizie w\u0142asnych emocji i postaw.<\/p>\n\n\n\n<p>Realny \u015bwiat pozwala zrozumie\u0107 z\u0142o\u017cono\u015b\u0107 przyrody i zwi\u0105zk\u00f3w cz\u0142owieka z przyrod\u0105. Kontakt z realnym \u015bwiatem oznacza kontakt z prawdziwymi lud\u017ami, gdy trzeba zapyta\u0107 o drog\u0119, poprosi\u0107 o wod\u0119, porozmawia\u0107 o \u017cyciu i r\u00f3\u017cnych perspektywach. Na naszych wyjazdach wszyscy razem \u2013 m\u0142odzie\u017c wraz z opiekunami pal\u0105 w piecach, sprz\u0105taj\u0105, przygotowuj\u0105 posi\u0142ki. Wsp\u00f3lne prace czy nawet przemoczone nogi mog\u0105 \u0142\u0105czy\u0107 ludzi \u2013 s\u0105 cz\u0119sto pocz\u0105tkiem znajomo\u015bci! Odpowiedzialno\u015b\u0107 za gospodarstwo i za osoby uczestnicz\u0105ce w wyje\u017adzie jest naszym zdaniem bardzo wa\u017cnym treningiem do funkcjonowania w realnym \u015bwiecie. Uczymy si\u0119 w ten spos\u00f3b samodzielno\u015bci, rozumienia konsekwencji w\u0142asnych dzia\u0142a\u0144, rozwijania zdolno\u015bci do wsp\u00f3\u0142pracy i integracji w trudnych sytuacjach.<\/p>\n\n\n\n<p><a href=\"https:\/\/bdnr.pl\/gajowki\">Dowiedz si\u0119 wi\u0119cej o naszych le\u015bnicz\u00f3wkach<\/a><\/p>\n\n\n\n<p>Dowiedz si\u0119 jeszcze wi\u0119cej o naszych wyjazdach na naszej stronie w zak\u0142adce<a href=\"https:\/\/bdnr.pl\/szkola-poza-szkola\/\"> Szko\u0142a poza szko\u0142\u0105<\/a><\/p>\n","protected":false},"excerpt":{"rendered":"<p>\u201cBednarska\u201d lubi je\u017adzi\u0107 do lasu W naszej szkole badamy prawdziwy \u015bwiat, a nie tylko jego ksi\u0105\u017ckowy opis. Regularnie je\u017adzimy do lasu, g\u0142\u00f3wnie do le\u015bnicz\u00f3wek w Puszczy Knyszy\u0144skiej. Nasze wyjazdy na Podlasie to wi\u0119cej, ni\u017c tylko sp\u0119dzanie czasu w tych przytulnych, drewnianych domach. S\u0105 to wyjazdy prawdziwie naukowe \u2013 nauk\u0119 rozumiemy tutaj jako do\u015bwiadczanie i dzia\u0142anie [&hellip;]<\/p>\n","protected":false},"author":2,"featured_media":0,"parent":0,"menu_order":0,"comment_status":"closed","ping_status":"closed","template":"","meta":{"footnotes":""},"class_list":["post-2201","page","type-page","status-publish","hentry"],"_links":{"self":[{"href":"https:\/\/info.bdnr.pl\/index.php?rest_route=\/wp\/v2\/pages\/2201","targetHints":{"allow":["GET"]}}],"collection":[{"href":"https:\/\/info.bdnr.pl\/index.php?rest_route=\/wp\/v2\/pages"}],"about":[{"href":"https:\/\/info.bdnr.pl\/index.php?rest_route=\/wp\/v2\/types\/page"}],"author":[{"embeddable":true,"href":"https:\/\/info.bdnr.pl\/index.php?rest_route=\/wp\/v2\/users\/2"}],"replies":[{"embeddable":true,"href":"https:\/\/info.bdnr.pl\/index.php?rest_route=%2Fwp%2Fv2%2Fcomments&post=2201"}],"version-history":[{"count":2,"href":"https:\/\/info.bdnr.pl\/index.php?rest_route=\/wp\/v2\/pages\/2201\/revisions"}],"predecessor-version":[{"id":2225,"href":"https:\/\/info.bdnr.pl\/index.php?rest_route=\/wp\/v2\/pages\/2201\/revisions\/2225"}],"wp:attachment":[{"href":"https:\/\/info.bdnr.pl\/index.php?rest_route=%2Fwp%2Fv2%2Fmedia&parent=2201"}],"curies":[{"name":"wp","href":"https:\/\/api.w.org\/{rel}","templated":true}]}}