{"id":2196,"date":"2025-11-27T06:32:53","date_gmt":"2025-11-27T06:32:53","guid":{"rendered":"https:\/\/info.bdnr.pl\/?page_id=2196"},"modified":"2025-11-28T08:53:34","modified_gmt":"2025-11-28T08:53:34","slug":"moduly-3","status":"publish","type":"page","link":"https:\/\/info.bdnr.pl\/?page_id=2196","title":{"rendered":"Modu\u0142y"},"content":{"rendered":"\n<p><strong>NASZA INNOWACJA PEDAGOGICZNA<\/strong><\/p>\n\n\n\n<p>Dlaczego trzeba siedzie\u0107 w \u0142awkach, \u017ceby dowiedzie\u0107 si\u0119 czego\u015b o \u015bwiecie? \u017bycie przecie\u017c na tym nie polega! Badajmy \u015bwiat w praktyce, wychodz\u0105c ze szko\u0142y i wsp\u00f3lnie dzia\u0142aj\u0105c!<\/p>\n\n\n\n<p>W dobie w\u0105skich specjalizacji i presji na wychowywanie geniuszy trenowanych w przysz\u0142ych profesjach od wczesnego dzieci\u0144stwa, my stawiamy na kszta\u0142cenie og\u00f3lne \u2013 erudycj\u0119, umiej\u0119tno\u015bci \u0142\u0105czenia r\u00f3\u017cnych dziedzin i spo\u0142eczne dzia\u0142anie. Chcemy, by nasi uczniowie i nasze uczennice umieli wyj\u015b\u0107 poza w\u0105skie ramy przedmiot\u00f3w przygotowuj\u0105cych do egzamin\u00f3w na studia i do matury. Wierzymy, \u017ce specjalistom potrzebny jest szeroki horyzont, i to mo\u017ce im da\u0107 nowoczesna szko\u0142a og\u00f3lnokszta\u0142c\u0105ca. Chcemy, by rozumieli \u015bwiat wieloaspektowo, umieli my\u015ble\u0107 niezale\u017cnie i dzia\u0142a\u0107 elastycznie. Wierzymy, \u017ce rynek pracy, na kt\u00f3ry b\u0119dzie wchodzi\u0107 nasza m\u0142odzie\u017c, b\u0119dzie potrzebowa\u0142 humanist\u00f3w rozumiej\u0105cych, czym jest genom, oraz informatyk\u00f3w rozumiej\u0105cych wag\u0119 emocji i wsp\u00f3\u0142pracy mi\u0119dzyludzkiej. Dlatego tworzymy <strong>MODU\u0141Y<\/strong> \u2013 wybrane aspekty podstawy programowej rozszerzamy i realizujemy poprzez interdyscyplinarne dzia\u0142ania praktyczne, nastawione na kontakt uczni\u00f3w i uczennic z realnym \u015bwiatem. <\/p>\n\n\n\n<p>Dzia\u0142ania prowadzone w ramach Modu\u0142\u00f3w wymagaj\u0105 nauki w praktyce \u2013 eksperyment\u00f3w, obserwacji, wywiad\u00f3w, dzia\u0142a\u0144 tw\u00f3rczych realizowanych cz\u0119sto poza budynkiem szko\u0142y. B\u0119d\u0105 te\u017c wymaga\u0142y \u0142\u0105czenia perspektyw r\u00f3\u017cnych dziedzin wiedzy i poznawania proces\u00f3w kulturowych, przyrodniczych, spo\u0142ecznych i technicznych \u2013 niezb\u0119dnych w rozumieniu coraz bardziej z\u0142o\u017conego wsp\u00f3\u0142czesnego \u015bwiata. Chcemy, by projekty realizowane w ramach Modu\u0142\u00f3w wzmacnia\u0142y w\u015br\u00f3d uczni\u00f3w i uczennic umiej\u0119tno\u015b\u0107 pracy w grupie, empatii, pracy z emocjami i wreszcie samodzielno\u015bci \u2013 poprzez ich wp\u0142yw na form\u0119 realizacji projektu.<\/p>\n\n\n\n<p>Zintegrowany, og\u00f3lnoszkolny program Modu\u0142\u00f3w, kt\u00f3ry wystartowa\u0142 w 2019 r. wystartowa\u0142 wraz z czteroletnim liceum, jest efektem wieloletnich dzia\u0142a\u0144 naszego nauczycielstwa prowadz\u0105cego interdyscyplinarne i eksperymentalne zaj\u0119cia. Wspiera je zesp\u00f3\u0142 ideowych wolontariuszy: absolwent\u00f3w i absolwentek naszej szko\u0142y.&nbsp;<\/p>\n\n\n\n<p><a href=\"http:\/\/www.bdnr.pl\/moduly\" target=\"_blank\" rel=\"noreferrer noopener\">Jeszcze wi\u0119cej informacji o Modu\u0142ach<\/a><\/p>\n\n\n\n<p><\/p>\n","protected":false},"excerpt":{"rendered":"<p>NASZA INNOWACJA PEDAGOGICZNA Dlaczego trzeba siedzie\u0107 w \u0142awkach, \u017ceby dowiedzie\u0107 si\u0119 czego\u015b o \u015bwiecie? \u017bycie przecie\u017c na tym nie polega! Badajmy \u015bwiat w praktyce, wychodz\u0105c ze szko\u0142y i wsp\u00f3lnie dzia\u0142aj\u0105c! W dobie w\u0105skich specjalizacji i presji na wychowywanie geniuszy trenowanych w przysz\u0142ych profesjach od wczesnego dzieci\u0144stwa, my stawiamy na kszta\u0142cenie og\u00f3lne \u2013 erudycj\u0119, umiej\u0119tno\u015bci \u0142\u0105czenia [&hellip;]<\/p>\n","protected":false},"author":2,"featured_media":0,"parent":0,"menu_order":0,"comment_status":"closed","ping_status":"closed","template":"","meta":{"footnotes":""},"class_list":["post-2196","page","type-page","status-publish","hentry"],"_links":{"self":[{"href":"https:\/\/info.bdnr.pl\/index.php?rest_route=\/wp\/v2\/pages\/2196","targetHints":{"allow":["GET"]}}],"collection":[{"href":"https:\/\/info.bdnr.pl\/index.php?rest_route=\/wp\/v2\/pages"}],"about":[{"href":"https:\/\/info.bdnr.pl\/index.php?rest_route=\/wp\/v2\/types\/page"}],"author":[{"embeddable":true,"href":"https:\/\/info.bdnr.pl\/index.php?rest_route=\/wp\/v2\/users\/2"}],"replies":[{"embeddable":true,"href":"https:\/\/info.bdnr.pl\/index.php?rest_route=%2Fwp%2Fv2%2Fcomments&post=2196"}],"version-history":[{"count":3,"href":"https:\/\/info.bdnr.pl\/index.php?rest_route=\/wp\/v2\/pages\/2196\/revisions"}],"predecessor-version":[{"id":2223,"href":"https:\/\/info.bdnr.pl\/index.php?rest_route=\/wp\/v2\/pages\/2196\/revisions\/2223"}],"wp:attachment":[{"href":"https:\/\/info.bdnr.pl\/index.php?rest_route=%2Fwp%2Fv2%2Fmedia&parent=2196"}],"curies":[{"name":"wp","href":"https:\/\/api.w.org\/{rel}","templated":true}]}}