{"id":128,"date":"2022-04-29T00:30:00","date_gmt":"2022-04-29T00:30:00","guid":{"rendered":"https:\/\/info.bdnr.pl\/?page_id=128"},"modified":"2025-12-03T08:33:11","modified_gmt":"2025-12-03T08:33:11","slug":"zasady-ogolne","status":"publish","type":"page","link":"https:\/\/info.bdnr.pl\/","title":{"rendered":"Rekrutacja na rok szkolny 2026\/2027"},"content":{"rendered":"\n<p>Od niepami\u0119tnych czas\u00f3w I Spo\u0142eczne Liceum Og\u00f3lnokszta\u0142c\u0105ce \u201cBednarska\u201d przygotowuje co roku autorskie egzaminy wst\u0119pne dla os\u00f3b zainteresowanych nauk\u0105 w naszej szkole. <br><\/p>\n\n\n\n<p>Dni otwarte oraz wszystkie egzaminy wst\u0119pne odbywaj\u0105 si\u0119 w naszej szkole przy ul. Zawiszy 13 na warszawskiej Woli. Szczeg\u00f3\u0142owe informacje na temat rekrutacji znajduj\u0105 si\u0119 w zak\u0142adce <em><a href=\"https:\/\/info.bdnr.pl\/?page_id=1442\" target=\"_blank\" rel=\"noreferrer noopener\">Rekrutacja<\/a><\/em>.<br><br>Rekrutacja dla os\u00f3b ko\u0144cz\u0105cych \u00f3sm\u0105 klas\u0119 szko\u0142y podstawowej podzielona jest na nast\u0119puj\u0105ce etapy.<\/p>\n\n\n\n<p><strong>ETAP 1<\/strong><br>cz\u0119\u015b\u0107 pisemna<\/p>\n\n\n\n<ol class=\"wp-block-list\">\n<li>test poziomuj\u0105cy z j\u0119zyka angielskiego<\/li>\n\n\n\n<li>cz\u0119\u015b\u0107 matematyczno-przyrodnicza<\/li>\n\n\n\n<li>cz\u0119\u015b\u0107 humanistyczna<\/li>\n<\/ol>\n\n\n\n<p><strong>ETAP 2<\/strong><br>cz\u0119\u015b\u0107 ustna w postaci konkursu lub kursu<\/p>\n\n\n\n<p><strong>UWAGA!<\/strong><\/p>\n\n\n\n<p>\u2192 Udzia\u0142 w cz\u0119\u015bci pisemnej i ustnej jest obowi\u0105zkowy dla wszystkich staraj\u0105cych si\u0119 o przyj\u0119cie do I SLO \u201cBednarska\u201d.<br>\u2192 Wszystkie osoby chc\u0105ce wzi\u0105\u0107 udzia\u0142 w rekrutacji musz\u0105 zarejestrowa\u0107 si\u0119 w <a href=\"https:\/\/rej.bdnr.pl\">Panelu rejestracyjnym<\/a> oraz ui\u015bci\u0107 op\u0142at\u0119 rekrutacyjn\u0105.<\/p>\n\n\n\n<p>Ponadto, oddzieln\u0105 \u015bcie\u017ck\u0119 rekrutacyjn\u0105 wyznaczamy dla os\u00f3b niepolskoj\u0119zycznych, kt\u00f3re w zale\u017cno\u015bci od przypadku, mog\u0105 trafi\u0107 od razu do polskiej klasy 1 LO lub do klasy przygotowawczej. Te osoby r\u00f3wnie\u017c musz\u0105 zarejestrowa\u0107 si\u0119 w <a href=\"https:\/\/rej.bdnr.pl\">Panelu rejestracyjnym<\/a>.&nbsp;<\/p>\n\n\n\n<p>W tym roku szkolnym rekrutacyjny rozk\u0142ad jazdy wygl\u0105da nast\u0119puj\u0105co:<\/p>\n\n\n\n<p><strong>13.12.2025<\/strong> pierwszy kandydacki dzie\u0144 otwarty o godz. 11:00<br><strong>14.02.2026<\/strong> drugi kandydacki dzie\u0144 otwarty o godz. 11:00<br><strong>27.02.2026<\/strong> zamkni\u0119cie rejestracji kandydackiej<\/p>\n\n\n\n<p><strong>pi\u0105tek-niedziela 13-15.03.2026<\/strong> egzaminy pisemne<br><strong>sobota-niedziela 21-22.03.2026<\/strong> konkursy rekrutacyjne<br><strong>30.04.2026<\/strong> og\u0142oszenie wynik\u00f3w rekrutacji<\/p>\n\n\n\n<p><strong>11.05.2026<\/strong> ostateczny termin wp\u0142aty wpisowego<br><strong>03.07.2026<\/strong> doniesienie dokument\u00f3w do szko\u0142y<\/p>\n\n\n\n<p>Przez ca\u0142y okres rekrutacyjny, od 1.12.2025 do 30.06.2026 mo\u017cna kontaktowa\u0107 si\u0119 z nami pisz\u0105c na adres <a href=\"mailto:egzaminy@bednarska.edu.pl\">egzaminy@bednarska.edu.pl<\/a>&nbsp;<\/p>\n","protected":false},"excerpt":{"rendered":"<p>Od niepami\u0119tnych czas\u00f3w I Spo\u0142eczne Liceum Og\u00f3lnokszta\u0142c\u0105ce \u201cBednarska\u201d przygotowuje co roku autorskie egzaminy wst\u0119pne dla os\u00f3b zainteresowanych nauk\u0105 w naszej szkole. Dni otwarte oraz wszystkie egzaminy wst\u0119pne odbywaj\u0105 si\u0119 w naszej szkole przy ul. Zawiszy 13 na warszawskiej Woli. Szczeg\u00f3\u0142owe informacje na temat rekrutacji znajduj\u0105 si\u0119 w zak\u0142adce Rekrutacja. Rekrutacja dla os\u00f3b ko\u0144cz\u0105cych \u00f3sm\u0105 klas\u0119 [&hellip;]<\/p>\n","protected":false},"author":1,"featured_media":0,"parent":0,"menu_order":0,"comment_status":"closed","ping_status":"closed","template":"","meta":{"footnotes":""},"class_list":["post-128","page","type-page","status-publish","hentry"],"_links":{"self":[{"href":"https:\/\/info.bdnr.pl\/index.php?rest_route=\/wp\/v2\/pages\/128","targetHints":{"allow":["GET"]}}],"collection":[{"href":"https:\/\/info.bdnr.pl\/index.php?rest_route=\/wp\/v2\/pages"}],"about":[{"href":"https:\/\/info.bdnr.pl\/index.php?rest_route=\/wp\/v2\/types\/page"}],"author":[{"embeddable":true,"href":"https:\/\/info.bdnr.pl\/index.php?rest_route=\/wp\/v2\/users\/1"}],"replies":[{"embeddable":true,"href":"https:\/\/info.bdnr.pl\/index.php?rest_route=%2Fwp%2Fv2%2Fcomments&post=128"}],"version-history":[{"count":174,"href":"https:\/\/info.bdnr.pl\/index.php?rest_route=\/wp\/v2\/pages\/128\/revisions"}],"predecessor-version":[{"id":2357,"href":"https:\/\/info.bdnr.pl\/index.php?rest_route=\/wp\/v2\/pages\/128\/revisions\/2357"}],"wp:attachment":[{"href":"https:\/\/info.bdnr.pl\/index.php?rest_route=%2Fwp%2Fv2%2Fmedia&parent=128"}],"curies":[{"name":"wp","href":"https:\/\/api.w.org\/{rel}","templated":true}]}}